{"id":1159,"date":"2020-06-19T11:56:33","date_gmt":"2020-06-19T11:56:33","guid":{"rendered":"https:\/\/www.enoversum.de\/ina-ina-desert-e-nos-broad-backflash"},"modified":"2020-06-19T12:18:05","modified_gmt":"2020-06-19T12:18:05","slug":"remix-ina-ina-desert-e-nos-broad-backflash-free-download","status":"publish","type":"page","link":"https:\/\/www.enoversum.de\/de\/releases\/remix-ina-ina-desert-e-nos-broad-backflash-free-download\/","title":{"rendered":"INA INA &#8211; Desert (e.no\u2019s Broad Backflash) (Free Download)"},"content":{"rendered":"","protected":false},"excerpt":{"rendered":"<p>Neuer Remix f\u00fcr die italienische Band INA INA und deren Song &#8218;Desert&#8216;. Ein funky Downbeat track mit zus\u00e4tzlichen Vocals und Rap von e.no. Alle Rechte liegen bei INA INA f\u00fcr das Original.<br \/>\nStreaming und kostenloser Download auf Bandcamp und SoundCloud.<\/p>\n","protected":false},"author":1,"featured_media":1147,"parent":1486,"menu_order":0,"comment_status":"closed","ping_status":"closed","template":"page-preorder.php","meta":{"_acf_changed":false,"footnotes":""},"class_list":["post-1159","page","type-page","status-publish","has-post-thumbnail","hentry"],"acf":[],"_links":{"self":[{"href":"https:\/\/www.enoversum.de\/de\/wp-json\/wp\/v2\/pages\/1159","targetHints":{"allow":["GET"]}}],"collection":[{"href":"https:\/\/www.enoversum.de\/de\/wp-json\/wp\/v2\/pages"}],"about":[{"href":"https:\/\/www.enoversum.de\/de\/wp-json\/wp\/v2\/types\/page"}],"author":[{"embeddable":true,"href":"https:\/\/www.enoversum.de\/de\/wp-json\/wp\/v2\/users\/1"}],"replies":[{"embeddable":true,"href":"https:\/\/www.enoversum.de\/de\/wp-json\/wp\/v2\/comments?post=1159"}],"version-history":[{"count":0,"href":"https:\/\/www.enoversum.de\/de\/wp-json\/wp\/v2\/pages\/1159\/revisions"}],"up":[{"embeddable":true,"href":"https:\/\/www.enoversum.de\/de\/wp-json\/wp\/v2\/pages\/1486"}],"wp:featuredmedia":[{"embeddable":true,"href":"https:\/\/www.enoversum.de\/de\/wp-json\/wp\/v2\/media\/1147"}],"wp:attachment":[{"href":"https:\/\/www.enoversum.de\/de\/wp-json\/wp\/v2\/media?parent=1159"}],"curies":[{"name":"wp","href":"https:\/\/api.w.org\/{rel}","templated":true}]}}